{"id":9,"date":"2024-10-30T11:36:39","date_gmt":"2024-10-30T11:36:39","guid":{"rendered":"https:\/\/junior.ib6.pt\/?page_id=9"},"modified":"2024-10-30T16:54:03","modified_gmt":"2024-10-30T16:54:03","slug":"curriculo","status":"publish","type":"page","link":"https:\/\/junior.ib6.pt\/","title":{"rendered":"Wenderson Junior"},"content":{"rendered":"\t\t<div data-elementor-type=\"wp-page\" data-elementor-id=\"9\" class=\"elementor elementor-9\" data-elementor-post-type=\"page\">\n\t\t\t\t<div class=\"elementor-element elementor-element-e0a5e1a e-flex e-con-boxed e-con e-parent\" data-id=\"e0a5e1a\" data-element_type=\"container\">\n\t\t\t\t\t<div class=\"e-con-inner\">\n\t\t\t\t\t<\/div>\n\t\t\t\t<\/div>\n\t\t<div class=\"elementor-element elementor-element-0aae742 e-con-full e-flex e-con e-parent\" data-id=\"0aae742\" data-element_type=\"container\" data-settings=\"{&quot;motion_fx_motion_fx_scrolling&quot;:&quot;yes&quot;,&quot;motion_fx_translateY_effect&quot;:&quot;yes&quot;,&quot;motion_fx_translateY_speed&quot;:{&quot;unit&quot;:&quot;px&quot;,&quot;size&quot;:4,&quot;sizes&quot;:[]},&quot;motion_fx_translateY_affectedRange&quot;:{&quot;unit&quot;:&quot;%&quot;,&quot;size&quot;:&quot;&quot;,&quot;sizes&quot;:{&quot;start&quot;:0,&quot;end&quot;:100}},&quot;motion_fx_devices&quot;:[&quot;desktop&quot;,&quot;tablet&quot;,&quot;mobile&quot;]}\">\n\t\t\t\t<div class=\"elementor-element elementor-element-b040c26 elementor-widget elementor-widget-text-editor\" data-id=\"b040c26\" data-element_type=\"widget\" data-widget_type=\"text-editor.default\">\n\t\t\t\t<div class=\"elementor-widget-container\">\n\t\t\t\t\t\t\t<h2><strong>Ola o meu nome \u00e9 Wenderson Junior.<\/strong><\/h2>\t\t\t\t\t\t<\/div>\n\t\t\t\t<\/div>\n\t\t<div class=\"elementor-element elementor-element-a8fcd8a e-grid e-con-full e-con e-child\" data-id=\"a8fcd8a\" data-element_type=\"container\">\n\t\t\t\t<div class=\"elementor-element elementor-element-fae73e2 elementor-widget elementor-widget-text-editor\" data-id=\"fae73e2\" data-element_type=\"widget\" data-widget_type=\"text-editor.default\">\n\t\t\t\t<div class=\"elementor-widget-container\">\n\t\t\t\t\t\t\t<p><strong>Tenho 22 anos e nasci em Vitoria, Espirito Santo, Brasil.<\/strong><\/p>\t\t\t\t\t\t<\/div>\n\t\t\t\t<\/div>\n\t\t\t\t<div class=\"elementor-element elementor-element-37d967d elementor-widget elementor-widget-text-editor\" data-id=\"37d967d\" data-element_type=\"widget\" data-settings=\"{&quot;motion_fx_motion_fx_mouse&quot;:&quot;yes&quot;}\" data-widget_type=\"text-editor.default\">\n\t\t\t\t<div class=\"elementor-widget-container\">\n\t\t\t\t\t\t\t<p><strong>Sou estudante com qualidades e habilidades para contribuir em trabalhos, consigo trabalhar em equipa.<\/strong><\/p>\t\t\t\t\t\t<\/div>\n\t\t\t\t<\/div>\n\t\t\t\t<div class=\"elementor-element elementor-element-2db1044 elementor-widget elementor-widget-text-editor\" data-id=\"2db1044\" data-element_type=\"widget\" data-widget_type=\"text-editor.default\">\n\t\t\t\t<div class=\"elementor-widget-container\">\n\t\t\t\t\t\t\t<p><strong>Praceta luis ludovice 7 \u00a01\u00baE\u00a0Damaia de baixo\u00a0<\/strong><\/p>\t\t\t\t\t\t<\/div>\n\t\t\t\t<\/div>\n\t\t\t\t<div class=\"elementor-element elementor-element-6c2a12d elementor-widget elementor-widget-text-editor\" data-id=\"6c2a12d\" data-element_type=\"widget\" data-widget_type=\"text-editor.default\">\n\t\t\t\t<div class=\"elementor-widget-container\">\n\t\t\t\t\t\t\t<p><strong>Possuo habilidades t\u00e9cnicas e interpessoais, como comunica\u00e7\u00e3o e trabalho em equipe. Essas compet\u00eancias me permitem contribuir efetivamente em diferentes projetos.<\/strong><\/p>\t\t\t\t\t\t<\/div>\n\t\t\t\t<\/div>\n\t\t\t\t<div class=\"elementor-element elementor-element-148f8b6 elementor-widget elementor-widget-image\" data-id=\"148f8b6\" data-element_type=\"widget\" data-widget_type=\"image.default\">\n\t\t\t\t<div class=\"elementor-widget-container\">\n\t\t\t\t\t\t\t\t\t\t\t\t\t<img fetchpriority=\"high\" decoding=\"async\" width=\"768\" height=\"1024\" src=\"https:\/\/junior.ib6.pt\/wp-content\/uploads\/2024\/10\/WhatsApp-Image-2024-10-30-at-11.15.38-768x1024.jpeg\" class=\"attachment-large size-large wp-image-31\" alt=\"\" srcset=\"https:\/\/junior.ib6.pt\/wp-content\/uploads\/2024\/10\/WhatsApp-Image-2024-10-30-at-11.15.38-768x1024.jpeg 768w, https:\/\/junior.ib6.pt\/wp-content\/uploads\/2024\/10\/WhatsApp-Image-2024-10-30-at-11.15.38-225x300.jpeg 225w, https:\/\/junior.ib6.pt\/wp-content\/uploads\/2024\/10\/WhatsApp-Image-2024-10-30-at-11.15.38-1152x1536.jpeg 1152w, https:\/\/junior.ib6.pt\/wp-content\/uploads\/2024\/10\/WhatsApp-Image-2024-10-30-at-11.15.38-1537x2048.jpeg 1537w, https:\/\/junior.ib6.pt\/wp-content\/uploads\/2024\/10\/WhatsApp-Image-2024-10-30-at-11.15.38-scaled.jpeg 1921w\" sizes=\"(max-width: 768px) 100vw, 768px\" \/>\t\t\t\t\t\t\t\t\t\t\t\t\t<\/div>\n\t\t\t\t<\/div>\n\t\t\t\t<\/div>\n\t\t\t\t<\/div>\n\t\t<div class=\"elementor-element elementor-element-aedb91b e-flex e-con-boxed e-con e-parent\" data-id=\"aedb91b\" data-element_type=\"container\">\n\t\t\t\t\t<div class=\"e-con-inner\">\n\t\t\t\t<div class=\"elementor-element elementor-element-9e7c065 elementor-shape-rounded elementor-grid-0 e-grid-align-center elementor-widget elementor-widget-social-icons\" data-id=\"9e7c065\" data-element_type=\"widget\" data-widget_type=\"social-icons.default\">\n\t\t\t\t<div class=\"elementor-widget-container\">\n\t\t\t\t\t<div class=\"elementor-social-icons-wrapper elementor-grid\">\n\t\t\t\t\t\t\t<span class=\"elementor-grid-item\">\n\t\t\t\t\t<a class=\"elementor-icon elementor-social-icon elementor-social-icon-instagram elementor-animation-wobble-top elementor-repeater-item-f47bdfb\" href=\"https:\/\/www.instagram.com\/mess62_\/profilecard\/?igsh=MTl4cm0yYWx3MDc0Ng%3D%3D\" target=\"_blank\">\n\t\t\t\t\t\t<span class=\"elementor-screen-only\">Instagram<\/span>\n\t\t\t\t\t\t<svg class=\"e-font-icon-svg e-fab-instagram\" viewBox=\"0 0 448 512\" xmlns=\"http:\/\/www.w3.org\/2000\/svg\"><path d=\"M224.1 141c-63.6 0-114.9 51.3-114.9 114.9s51.3 114.9 114.9 114.9S339 319.5 339 255.9 287.7 141 224.1 141zm0 189.6c-41.1 0-74.7-33.5-74.7-74.7s33.5-74.7 74.7-74.7 74.7 33.5 74.7 74.7-33.6 74.7-74.7 74.7zm146.4-194.3c0 14.9-12 26.8-26.8 26.8-14.9 0-26.8-12-26.8-26.8s12-26.8 26.8-26.8 26.8 12 26.8 26.8zm76.1 27.2c-1.7-35.9-9.9-67.7-36.2-93.9-26.2-26.2-58-34.4-93.9-36.2-37-2.1-147.9-2.1-184.9 0-35.8 1.7-67.6 9.9-93.9 36.1s-34.4 58-36.2 93.9c-2.1 37-2.1 147.9 0 184.9 1.7 35.9 9.9 67.7 36.2 93.9s58 34.4 93.9 36.2c37 2.1 147.9 2.1 184.9 0 35.9-1.7 67.7-9.9 93.9-36.2 26.2-26.2 34.4-58 36.2-93.9 2.1-37 2.1-147.8 0-184.8zM398.8 388c-7.8 19.6-22.9 34.7-42.6 42.6-29.5 11.7-99.5 9-132.1 9s-102.7 2.6-132.1-9c-19.6-7.8-34.7-22.9-42.6-42.6-11.7-29.5-9-99.5-9-132.1s-2.6-102.7 9-132.1c7.8-19.6 22.9-34.7 42.6-42.6 29.5-11.7 99.5-9 132.1-9s102.7-2.6 132.1 9c19.6 7.8 34.7 22.9 42.6 42.6 11.7 29.5 9 99.5 9 132.1s2.7 102.7-9 132.1z\"><\/path><\/svg>\t\t\t\t\t<\/a>\n\t\t\t\t<\/span>\n\t\t\t\t\t<\/div>\n\t\t\t\t<\/div>\n\t\t\t\t<\/div>\n\t\t\t\t\t<\/div>\n\t\t\t\t<\/div>\n\t\t\t\t<\/div>\n\t\t","protected":false},"excerpt":{"rendered":"<p>Ola o meu nome \u00e9 Wenderson Junior. Tenho 22 anos e nasci em Vitoria, Espirito Santo, Brasil. Sou estudante com qualidades e habilidades para contribuir em trabalhos, consigo trabalhar em equipa. Praceta luis ludovice 7 \u00a01\u00baE\u00a0Damaia de baixo\u00a0 Possuo habilidades t\u00e9cnicas e interpessoais, como comunica\u00e7\u00e3o e trabalho em equipe. Essas compet\u00eancias me permitem contribuir efetivamente [&hellip;]<\/p>\n","protected":false},"author":1,"featured_media":0,"parent":0,"menu_order":0,"comment_status":"closed","ping_status":"closed","template":"","meta":{"footnotes":""},"class_list":["post-9","page","type-page","status-publish","hentry"],"_links":{"self":[{"href":"https:\/\/junior.ib6.pt\/index.php\/wp-json\/wp\/v2\/pages\/9"}],"collection":[{"href":"https:\/\/junior.ib6.pt\/index.php\/wp-json\/wp\/v2\/pages"}],"about":[{"href":"https:\/\/junior.ib6.pt\/index.php\/wp-json\/wp\/v2\/types\/page"}],"author":[{"embeddable":true,"href":"https:\/\/junior.ib6.pt\/index.php\/wp-json\/wp\/v2\/users\/1"}],"replies":[{"embeddable":true,"href":"https:\/\/junior.ib6.pt\/index.php\/wp-json\/wp\/v2\/comments?post=9"}],"version-history":[{"count":46,"href":"https:\/\/junior.ib6.pt\/index.php\/wp-json\/wp\/v2\/pages\/9\/revisions"}],"predecessor-version":[{"id":121,"href":"https:\/\/junior.ib6.pt\/index.php\/wp-json\/wp\/v2\/pages\/9\/revisions\/121"}],"wp:attachment":[{"href":"https:\/\/junior.ib6.pt\/index.php\/wp-json\/wp\/v2\/media?parent=9"}],"curies":[{"name":"wp","href":"https:\/\/api.w.org\/{rel}","templated":true}]}}