{"id":67,"date":"2024-10-30T14:07:29","date_gmt":"2024-10-30T14:07:29","guid":{"rendered":"https:\/\/junior.ib6.pt\/?page_id=67"},"modified":"2024-10-30T14:18:58","modified_gmt":"2024-10-30T14:18:58","slug":"sobre-mim","status":"publish","type":"page","link":"https:\/\/junior.ib6.pt\/index.php\/sobre-mim\/","title":{"rendered":"Sobre Mim"},"content":{"rendered":"\t\t<div data-elementor-type=\"wp-page\" data-elementor-id=\"67\" class=\"elementor elementor-67\" data-elementor-post-type=\"page\">\n\t\t\t\t<div class=\"elementor-element elementor-element-d9712c4 e-con-full e-flex e-con e-parent\" data-id=\"d9712c4\" data-element_type=\"container\">\n\t\t\t\t<div class=\"elementor-element elementor-element-fe61ac9 elementor-widget elementor-widget-text-editor\" data-id=\"fe61ac9\" data-element_type=\"widget\" data-widget_type=\"text-editor.default\">\n\t\t\t\t<div class=\"elementor-widget-container\">\n\t\t\t\t\t\t\t<p><strong>Ol\u00e1! Meu nome \u00e9 Wenderson Junior, tenho 22 anos e sou estudante em busca de novas oportunidades e desafios. Nascido em Vit\u00f3ria, Esp\u00edrito Santo, tenho me dedicado a desenvolver habilidades tanto t\u00e9cnicas quanto interpessoais para crescer na minha carreira. Sou uma pessoa dedicada, sempre buscando aprendizado e aprimoramento constante. Com uma abordagem pr\u00e1tica e colaborativa, acredito no valor do trabalho em equipe e na import\u00e2ncia de contribuir positivamente em cada projeto.<\/strong><\/p><p>\u00a0<\/p>\t\t\t\t\t\t<\/div>\n\t\t\t\t<\/div>\n\t\t\t\t<\/div>\n\t\t\t\t<\/div>\n\t\t","protected":false},"excerpt":{"rendered":"<p>Ol\u00e1! Meu nome \u00e9 Wenderson Junior, tenho 22 anos e sou estudante em busca de novas oportunidades e desafios. Nascido em Vit\u00f3ria, Esp\u00edrito Santo, tenho me dedicado a desenvolver habilidades tanto t\u00e9cnicas quanto interpessoais para crescer na minha carreira. Sou uma pessoa dedicada, sempre buscando aprendizado e aprimoramento constante. Com uma abordagem pr\u00e1tica e colaborativa, [&hellip;]<\/p>\n","protected":false},"author":1,"featured_media":0,"parent":0,"menu_order":0,"comment_status":"closed","ping_status":"closed","template":"","meta":{"footnotes":""},"class_list":["post-67","page","type-page","status-publish","hentry"],"_links":{"self":[{"href":"https:\/\/junior.ib6.pt\/index.php\/wp-json\/wp\/v2\/pages\/67"}],"collection":[{"href":"https:\/\/junior.ib6.pt\/index.php\/wp-json\/wp\/v2\/pages"}],"about":[{"href":"https:\/\/junior.ib6.pt\/index.php\/wp-json\/wp\/v2\/types\/page"}],"author":[{"embeddable":true,"href":"https:\/\/junior.ib6.pt\/index.php\/wp-json\/wp\/v2\/users\/1"}],"replies":[{"embeddable":true,"href":"https:\/\/junior.ib6.pt\/index.php\/wp-json\/wp\/v2\/comments?post=67"}],"version-history":[{"count":13,"href":"https:\/\/junior.ib6.pt\/index.php\/wp-json\/wp\/v2\/pages\/67\/revisions"}],"predecessor-version":[{"id":80,"href":"https:\/\/junior.ib6.pt\/index.php\/wp-json\/wp\/v2\/pages\/67\/revisions\/80"}],"wp:attachment":[{"href":"https:\/\/junior.ib6.pt\/index.php\/wp-json\/wp\/v2\/media?parent=67"}],"curies":[{"name":"wp","href":"https:\/\/api.w.org\/{rel}","templated":true}]}}